{"id":131,"date":"2021-11-17T23:39:21","date_gmt":"2021-11-17T23:39:21","guid":{"rendered":"https:\/\/altsande.de\/wordpress\/?page_id=131"},"modified":"2025-04-09T16:11:52","modified_gmt":"2025-04-09T16:11:52","slug":"neue-seite","status":"publish","type":"page","link":"https:\/\/altsande.de\/wordpress\/neue-seite\/","title":{"rendered":"K\u00fcsteum"},"content":{"rendered":"\n\n\n<h3>Willkommen im K\u00fcsteum<\/h3>\n<p><span style=\"font-size: large;\"><br><strong>Liebe G\u00e4ste, endlich ist es so weit, das K\u00fcsteum er\u00f6ffnet die Saison 2025!<br><\/strong> <strong><br>Ab Ostersonntag, dem 20.04.2025 ist das K\u00fcsteum wieder samstags, sonntags und an Feiertagen in der Zeit von 14:00 &#8211; 18:00 Uhr f\u00fcr Sie ge\u00f6ffnet!<br><br>Sonntags ist zus\u00e4tzlich unsere Museumsschmiede &#8222;Schmiede Eggers&#8220; in Betrieb!<br>Am Feuer pr\u00e4sentieren unsere Schmiede das altes Handwerk!<br><br>Der Eintritt ist immer noch kostenlos! <\/strong>(Spenden werden gerne angenommen!)<strong><br><br>Ebenfalls zug\u00e4nglich ist der frisch sanierte Marienturm von dessen Spitze Sie einen sch\u00f6nen Rundblick \u00fcber Altmarienhausen, Sande und die Umgebung haben.<br><br>Die AG Altes Sande freut sich auf Ihren Besuch!<\/strong><\/span><\/p>\n<h2><br><\/h2>\n\n<h4><br><\/h4><h4>Die K\u00fcstenschutz-Ausstellung<br><\/h4><br><span style=\"font-size: medium;\"><img decoding=\"async\" src=\"https:\/\/altsande.de\/wordpress\/wp-content\/uploads\/2021\/11\/DSC03123d.jpg\" style=\"float:left; margin:10px\">Das K\u00fcsteum in Sande Altmarienhausen beherbergt eine interessante K\u00fcstenschutz-Ausstellung und viele Exponate aus der Haus- und Landwirtschaft sowie eine vollst\u00e4ndig ausgestattete Schmiede, so wie sie in und um Sande in den vergangenen Jahrzehnten im Einsatz waren.<\/span><p><\/p>  <p><br><\/p><p>Die Entwicklung unserer Region w\u00e4re in den letzten Jahrhunderten ohne den Deichbau nicht m\u00f6glich gewesen. Zu stark sind die Kr\u00e4fte der Natur und der Gezeiten. Ein immerw\u00e4hrender Kampf des Menschen um seinen Lebensraum.<br><\/p><p><br><\/p><p>Der Deichbau erforderte anfangs den Einsatz von vielen Menschen, die in harter k\u00f6rperlicher Arbeit mit einfachen Werkzeugen gewaltige Erdmassen bewegen mussten. \u201eWer nicht will deichen, der muss weichen\u201c &#8211; ein Motto, dass bis in unsere Tage und auch zuk\u00fcnftig gilt, will der Mensch weiter in unserer Region (\u00fcber-) leben.<\/p><p><br><\/p><p><br><\/p><h5>Die haus- und landwirtschaftliche Ausstellung<\/h5><br><p>Liebevoll zusammengetragen, gehegt und gepflegt findet man hier Exponate, die einen Einblick in die Hauswirtschaft und die Landwirtschaft vergangener Tage geben. Dabei findet man so manches Kuriosum, \u00fcber das wir heute nur noch schmunzeln, das aber zu seiner Zeit eine wichtige Aufgabe erf\u00fcllte.<\/p><p><br><\/p><p>Interessant auch einige gro\u00dfe Landwirtschaftsmaschinen, die oft mit gro\u00dfem Aufwand restauriert wurden, um sie der Nachweltzu erhalten.Viele Exponate sind voll funktionsf\u00e4hig und werden zu besonderen Anl\u00e4ssen zu Schauzwecken in Betrieb gesetzt.<\/p><p><br><\/p><p><br><\/p><!--<p--><h5>Die Schmiede \u201eEggers\u201c<\/h5><br><p>Eine gro\u00dfe Besonderheit stellt die Museumsschmiede dar, die bereits mehr als 25 Jahre existiert und regelm\u00e4\u00dfig zu Schauzwecken in Betrieb genommen wird. Die Schmiede wurde der Gemeinde Sande mit allem Inventar von der Witwe Eggers gestiftet.<\/p><p>Fast von Anfang an betreut Benno Willmann die Schmiede, in der er als Jugendlicher seine Lehre absolviert hatte. Sein damaliges Gesellenst\u00fcck ist heute Bestandteil der Exponate!<\/p><br><p>In den Sommermonaten kann man Benno und die anderen Museums-Schmiede an jedem Sonntag von 14:00 &#8211; 17:00 Uhr bei ihrer Arbeit beobachten. Wer selber einmal das alte Handwerk ausf\u00fchren m\u00f6chte, dem wird das gern erm\u00f6glicht. Besonders f\u00fcr Kinder bleibt es oft ein unvergessliches Erlebnis, wenn sie sich ihren eigenen Ziernagel schmieden d\u00fcrfen.<\/p><p><br><\/p><p><br><\/p><h4>Lebendiges Museum<br><\/h4><p>\n\n<\/p><p class=\"MsoNormal\" style=\"mso-margin-top-alt:auto;mso-margin-bottom-alt:auto\"><span style=\"font-size:12.0pt;mso-fareast-font-family:&quot;Times New Roman&quot;;mso-bidi-font-family:\nCalibri;mso-bidi-theme-font:minor-latin;mso-fareast-language:DE\"><br><\/span><\/p><p class=\"MsoNormal\" style=\"mso-margin-top-alt:auto;mso-margin-bottom-alt:auto\"><span style=\"font-size:12.0pt;mso-fareast-font-family:&quot;Times New Roman&quot;;mso-bidi-font-family:\nCalibri;mso-bidi-theme-font:minor-latin;mso-fareast-language:DE\">Das K\u00fcsteum\nist wesentlich mehr, als ein Sammelplatz alter Dinge, es ist ein lebendiges\nMuseum, das von aktiven Senioren gehegt und erhalten wird. Die Mitglieder der\nAG Altes Sande haben hier eine Aufgabe gefunden, bei der es nicht nur um\nZeitvertreib im Ruhestand geht, sondern darum, in einer Gemeinschaft netter\nMenschen Kontakte zu pflegen, Spa\u00df zu haben, einer sinnvollen Aufgabe\nnachzugehen und gleichzeitig einen wichtigen Beitrag f\u00fcr unsere Gesellschaft\nund die kommenden Generationen zu leisten.<\/span><\/p>\n\n<p class=\"MsoNormal\" style=\"mso-margin-top-alt:auto;mso-margin-bottom-alt:auto\"><span style=\"font-size:12.0pt;mso-fareast-font-family:&quot;Times New Roman&quot;;mso-bidi-font-family:\nCalibri;mso-bidi-theme-font:minor-latin;mso-fareast-language:DE\"><br><\/span><\/p><p class=\"MsoNormal\" style=\"mso-margin-top-alt:auto;mso-margin-bottom-alt:auto\"><span style=\"font-size:12.0pt;mso-fareast-font-family:&quot;Times New Roman&quot;;mso-bidi-font-family:\nCalibri;mso-bidi-theme-font:minor-latin;mso-fareast-language:DE\">Idealisten,\ndie sich dieser Aufgabe stellen m\u00f6chten, sind bei uns jederzeit willkommen &#8211;\nselbstverst\u00e4ndlich auch, wenn sie noch keine Rentner oder Pension\u00e4re sind!<\/span><\/p>\n\n<p class=\"MsoNormal\" style=\"mso-margin-top-alt:auto;mso-margin-bottom-alt:auto\"><span style=\"font-size:12.0pt;mso-fareast-font-family:&quot;Times New Roman&quot;;mso-bidi-font-family:\nCalibri;mso-bidi-theme-font:minor-latin;mso-fareast-language:DE\"><br><\/span><\/p><p class=\"MsoNormal\" style=\"mso-margin-top-alt:auto;mso-margin-bottom-alt:auto\"><span style=\"font-size:12.0pt;mso-fareast-font-family:&quot;Times New Roman&quot;;mso-bidi-font-family:\nCalibri;mso-bidi-theme-font:minor-latin;mso-fareast-language:DE\">Also &#8211; einfach\nmal reinschauen!<\/span><\/p>\n\n<!--[if gte mso 9]><xml>\n <w:WordDocument>\n  <w:View>Normal<\/w:View>\n  <w:Zoom>0<\/w:Zoom>\n  <w:TrackMoves\/>\n  <w:TrackFormatting\/>\n  <w:HyphenationZone>21<\/w:HyphenationZone>\n  <w:PunctuationKerning\/>\n  <w:ValidateAgainstSchemas\/>\n  <w:SaveIfXMLInvalid>false<\/w:SaveIfXMLInvalid>\n  <w:IgnoreMixedContent>false<\/w:IgnoreMixedContent>\n  <w:AlwaysShowPlaceholderText>false<\/w:AlwaysShowPlaceholderText>\n  <w:DoNotPromoteQF\/>\n  <w:LidThemeOther>DE<\/w:LidThemeOther>\n  <w:LidThemeAsian>X-NONE<\/w:LidThemeAsian>\n  <w:LidThemeComplexScript>X-NONE<\/w:LidThemeComplexScript>\n  <w:Compatibility>\n   <w:BreakWrappedTables\/>\n   <w:SnapToGridInCell\/>\n   <w:WrapTextWithPunct\/>\n   <w:UseAsianBreakRules\/>\n   <w:DontGrowAutofit\/>\n   <w:SplitPgBreakAndParaMark\/>\n   <w:DontVertAlignCellWithSp\/>\n   <w:DontBreakConstrainedForcedTables\/>\n   <w:DontVertAlignInTxbx\/>\n   <w:Word11KerningPairs\/>\n   <w:CachedColBalance\/>\n  <\/w:Compatibility>\n  <m:mathPr>\n   <m:mathFont m:val=\"Cambria Math\"\/>\n   <m:brkBin m:val=\"before\"\/>\n   <m:brkBinSub m:val=\"&#45;-\"\/>\n   <m:smallFrac m:val=\"off\"\/>\n   <m:dispDef\/>\n   <m:lMargin m:val=\"0\"\/>\n   <m:rMargin m:val=\"0\"\/>\n   <m:defJc m:val=\"centerGroup\"\/>\n   <m:wrapIndent m:val=\"1440\"\/>\n   <m:intLim m:val=\"subSup\"\/>\n   <m:naryLim m:val=\"undOvr\"\/>\n  <\/m:mathPr><\/w:WordDocument>\n<\/xml><![endif]--><!--[if gte mso 9]><xml>\n <w:LatentStyles DefLockedState=\"false\" DefUnhideWhenUsed=\"true\"\n  DefSemiHidden=\"true\" DefQFormat=\"false\" DefPriority=\"99\"\n  LatentStyleCount=\"267\">\n  <w:LsdException Locked=\"false\" Priority=\"0\" SemiHidden=\"false\"\n   UnhideWhenUsed=\"false\" QFormat=\"true\" Name=\"Normal\"\/>\n  <w:LsdException Locked=\"false\" Priority=\"9\" SemiHidden=\"false\"\n   UnhideWhenUsed=\"false\" QFormat=\"true\" Name=\"heading 1\"\/>\n  <w:LsdException Locked=\"false\" Priority=\"9\" QFormat=\"true\" Name=\"heading 2\"\/>\n  <w:LsdException Locked=\"false\" Priority=\"9\" QFormat=\"true\" Name=\"heading 3\"\/>\n  <w:LsdException Locked=\"false\" Priority=\"9\" QFormat=\"true\" Name=\"heading 4\"\/>\n  <w:LsdException Locked=\"false\" Priority=\"9\" QFormat=\"true\" Name=\"heading 5\"\/>\n  <w:LsdException Locked=\"false\" Priority=\"9\" QFormat=\"true\" Name=\"heading 6\"\/>\n  <w:LsdException Locked=\"false\" Priority=\"9\" QFormat=\"true\" Name=\"heading 7\"\/>\n  <w:LsdException Locked=\"false\" Priority=\"9\" QFormat=\"true\" Name=\"heading 8\"\/>\n  <w:LsdException Locked=\"false\" Priority=\"9\" QFormat=\"true\" Name=\"heading 9\"\/>\n  <w:LsdException Locked=\"false\" Priority=\"39\" Name=\"toc 1\"\/>\n  <w:LsdException Locked=\"false\" Priority=\"39\" Name=\"toc 2\"\/>\n  <w:LsdException Locked=\"false\" Priority=\"39\" Name=\"toc 3\"\/>\n  <w:LsdException Locked=\"false\" Priority=\"39\" Name=\"toc 4\"\/>\n  <w:LsdException Locked=\"false\" Priority=\"39\" Name=\"toc 5\"\/>\n  <w:LsdException Locked=\"false\" Priority=\"39\" Name=\"toc 6\"\/>\n  <w:LsdException Locked=\"false\" Priority=\"39\" Name=\"toc 7\"\/>\n  <w:LsdException Locked=\"false\" Priority=\"39\" Name=\"toc 8\"\/>\n  <w:LsdException Locked=\"false\" Priority=\"39\" Name=\"toc 9\"\/>\n  <w:LsdException Locked=\"false\" Priority=\"35\" QFormat=\"true\" Name=\"caption\"\/>\n  <w:LsdException Locked=\"false\" Priority=\"10\" SemiHidden=\"false\"\n   UnhideWhenUsed=\"false\" QFormat=\"true\" Name=\"Title\"\/>\n  <w:LsdException Locked=\"false\" Priority=\"1\" Name=\"Default Paragraph Font\"\/>\n  <w:LsdException Locked=\"false\" Priority=\"11\" SemiHidden=\"false\"\n   UnhideWhenUsed=\"false\" QFormat=\"true\" Name=\"Subtitle\"\/>\n  <w:LsdException Locked=\"false\" Priority=\"22\" SemiHidden=\"false\"\n   UnhideWhenUsed=\"false\" QFormat=\"true\" Name=\"Strong\"\/>\n  <w:LsdException Locked=\"false\" Priority=\"20\" SemiHidden=\"false\"\n   UnhideWhenUsed=\"false\" QFormat=\"true\" Name=\"Emphasis\"\/>\n  <w:LsdException Locked=\"false\" Priority=\"59\" SemiHidden=\"false\"\n   UnhideWhenUsed=\"false\" Name=\"Table Grid\"\/>\n  <w:LsdException Locked=\"false\" UnhideWhenUsed=\"false\" Name=\"Placeholder Text\"\/>\n  <w:LsdException Locked=\"false\" Priority=\"1\" SemiHidden=\"false\"\n   UnhideWhenUsed=\"false\" QFormat=\"true\" Name=\"No Spacing\"\/>\n  <w:LsdException Locked=\"false\" Priority=\"60\" SemiHidden=\"false\"\n   UnhideWhenUsed=\"false\" Name=\"Light Shading\"\/>\n  <w:LsdException Locked=\"false\" Priority=\"61\" SemiHidden=\"false\"\n   UnhideWhenUsed=\"false\" Name=\"Light List\"\/>\n  <w:LsdException Locked=\"false\" Priority=\"62\" SemiHidden=\"false\"\n   UnhideWhenUsed=\"false\" Name=\"Light Grid\"\/>\n  <w:LsdException Locked=\"false\" Priority=\"63\" SemiHidden=\"false\"\n   UnhideWhenUsed=\"false\" Name=\"Medium Shading 1\"\/>\n  <w:LsdException Locked=\"false\" Priority=\"64\" SemiHidden=\"false\"\n   UnhideWhenUsed=\"false\" Name=\"Medium Shading 2\"\/>\n  <w:LsdException Locked=\"false\" Priority=\"65\" SemiHidden=\"false\"\n   UnhideWhenUsed=\"false\" Name=\"Medium List 1\"\/>\n  <w:LsdException Locked=\"false\" Priority=\"66\" SemiHidden=\"false\"\n   UnhideWhenUsed=\"false\" Name=\"Medium List 2\"\/>\n  <w:LsdException Locked=\"false\" Priority=\"67\" SemiHidden=\"false\"\n   UnhideWhenUsed=\"false\" Name=\"Medium Grid 1\"\/>\n  <w:LsdException Locked=\"false\" Priority=\"68\" SemiHidden=\"false\"\n   UnhideWhenUsed=\"false\" Name=\"Medium Grid 2\"\/>\n  <w:LsdException Locked=\"false\" Priority=\"69\" SemiHidden=\"false\"\n   UnhideWhenUsed=\"false\" Name=\"Medium Grid 3\"\/>\n  <w:LsdException Locked=\"false\" Priority=\"70\" SemiHidden=\"false\"\n   UnhideWhenUsed=\"false\" Name=\"Dark List\"\/>\n  <w:LsdException Locked=\"false\" Priority=\"71\" SemiHidden=\"false\"\n   UnhideWhenUsed=\"false\" Name=\"Colorful Shading\"\/>\n  <w:LsdException Locked=\"false\" Priority=\"72\" SemiHidden=\"false\"\n   UnhideWhenUsed=\"false\" Name=\"Colorful List\"\/>\n  <w:LsdException Locked=\"false\" Priority=\"73\" SemiHidden=\"false\"\n   UnhideWhenUsed=\"false\" Name=\"Colorful Grid\"\/>\n  <w:LsdException Locked=\"false\" Priority=\"60\" SemiHidden=\"false\"\n   UnhideWhenUsed=\"false\" Name=\"Light Shading Accent 1\"\/>\n  <w:LsdException Locked=\"false\" Priority=\"61\" SemiHidden=\"false\"\n   UnhideWhenUsed=\"false\" Name=\"Light List Accent 1\"\/>\n  <w:LsdException Locked=\"false\" Priority=\"62\" SemiHidden=\"false\"\n   UnhideWhenUsed=\"false\" Name=\"Light Grid Accent 1\"\/>\n  <w:LsdException Locked=\"false\" Priority=\"63\" SemiHidden=\"false\"\n   UnhideWhenUsed=\"false\" Name=\"Medium Shading 1 Accent 1\"\/>\n  <w:LsdException Locked=\"false\" Priority=\"64\" SemiHidden=\"false\"\n   UnhideWhenUsed=\"false\" Name=\"Medium Shading 2 Accent 1\"\/>\n  <w:LsdException Locked=\"false\" Priority=\"65\" SemiHidden=\"false\"\n   UnhideWhenUsed=\"false\" Name=\"Medium List 1 Accent 1\"\/>\n  <w:LsdException Locked=\"false\" UnhideWhenUsed=\"false\" Name=\"Revision\"\/>\n  <w:LsdException Locked=\"false\" Priority=\"34\" SemiHidden=\"false\"\n   UnhideWhenUsed=\"false\" QFormat=\"true\" Name=\"List Paragraph\"\/>\n  <w:LsdException Locked=\"false\" Priority=\"29\" SemiHidden=\"false\"\n   UnhideWhenUsed=\"false\" QFormat=\"true\" Name=\"Quote\"\/>\n  <w:LsdException Locked=\"false\" Priority=\"30\" SemiHidden=\"false\"\n   UnhideWhenUsed=\"false\" QFormat=\"true\" Name=\"Intense Quote\"\/>\n  <w:LsdException Locked=\"false\" Priority=\"66\" SemiHidden=\"false\"\n   UnhideWhenUsed=\"false\" Name=\"Medium List 2 Accent 1\"\/>\n  <w:LsdException Locked=\"false\" Priority=\"67\" SemiHidden=\"false\"\n   UnhideWhenUsed=\"false\" Name=\"Medium Grid 1 Accent 1\"\/>\n  <w:LsdException Locked=\"false\" Priority=\"68\" SemiHidden=\"false\"\n   UnhideWhenUsed=\"false\" Name=\"Medium Grid 2 Accent 1\"\/>\n  <w:LsdException Locked=\"false\" Priority=\"69\" SemiHidden=\"false\"\n   UnhideWhenUsed=\"false\" Name=\"Medium Grid 3 Accent 1\"\/>\n  <w:LsdException Locked=\"false\" Priority=\"70\" SemiHidden=\"false\"\n   UnhideWhenUsed=\"false\" Name=\"Dark List Accent 1\"\/>\n  <w:LsdException Locked=\"false\" Priority=\"71\" SemiHidden=\"false\"\n   UnhideWhenUsed=\"false\" Name=\"Colorful Shading Accent 1\"\/>\n  <w:LsdException Locked=\"false\" Priority=\"72\" SemiHidden=\"false\"\n   UnhideWhenUsed=\"false\" Name=\"Colorful List Accent 1\"\/>\n  <w:LsdException Locked=\"false\" Priority=\"73\" SemiHidden=\"false\"\n   UnhideWhenUsed=\"false\" Name=\"Colorful Grid Accent 1\"\/>\n  <w:LsdException Locked=\"false\" Priority=\"60\" SemiHidden=\"false\"\n   UnhideWhenUsed=\"false\" Name=\"Light Shading Accent 2\"\/>\n  <w:LsdException Locked=\"false\" Priority=\"61\" SemiHidden=\"false\"\n   UnhideWhenUsed=\"false\" Name=\"Light List Accent 2\"\/>\n  <w:LsdException Locked=\"false\" Priority=\"62\" SemiHidden=\"false\"\n   UnhideWhenUsed=\"false\" Name=\"Light Grid Accent 2\"\/>\n  <w:LsdException Locked=\"false\" Priority=\"63\" SemiHidden=\"false\"\n   UnhideWhenUsed=\"false\" Name=\"Medium Shading 1 Accent 2\"\/>\n  <w:LsdException Locked=\"false\" Priority=\"64\" SemiHidden=\"false\"\n   UnhideWhenUsed=\"false\" Name=\"Medium Shading 2 Accent 2\"\/>\n  <w:LsdException Locked=\"false\" Priority=\"65\" SemiHidden=\"false\"\n   UnhideWhenUsed=\"false\" Name=\"Medium List 1 Accent 2\"\/>\n  <w:LsdException Locked=\"false\" Priority=\"66\" SemiHidden=\"false\"\n   UnhideWhenUsed=\"false\" Name=\"Medium List 2 Accent 2\"\/>\n  <w:LsdException Locked=\"false\" Priority=\"67\" SemiHidden=\"false\"\n   UnhideWhenUsed=\"false\" Name=\"Medium Grid 1 Accent 2\"\/>\n  <w:LsdException Locked=\"false\" Priority=\"68\" SemiHidden=\"false\"\n   UnhideWhenUsed=\"false\" Name=\"Medium Grid 2 Accent 2\"\/>\n  <w:LsdException Locked=\"false\" Priority=\"69\" SemiHidden=\"false\"\n   UnhideWhenUsed=\"false\" Name=\"Medium Grid 3 Accent 2\"\/>\n  <w:LsdException Locked=\"false\" Priority=\"70\" SemiHidden=\"false\"\n   UnhideWhenUsed=\"false\" Name=\"Dark List Accent 2\"\/>\n  <w:LsdException Locked=\"false\" Priority=\"71\" SemiHidden=\"false\"\n   UnhideWhenUsed=\"false\" Name=\"Colorful Shading Accent 2\"\/>\n  <w:LsdException Locked=\"false\" Priority=\"72\" SemiHidden=\"false\"\n   UnhideWhenUsed=\"false\" Name=\"Colorful List Accent 2\"\/>\n  <w:LsdException Locked=\"false\" Priority=\"73\" SemiHidden=\"false\"\n   UnhideWhenUsed=\"false\" Name=\"Colorful Grid Accent 2\"\/>\n  <w:LsdException Locked=\"false\" Priority=\"60\" SemiHidden=\"false\"\n   UnhideWhenUsed=\"false\" Name=\"Light Shading Accent 3\"\/>\n  <w:LsdException Locked=\"false\" Priority=\"61\" SemiHidden=\"false\"\n   UnhideWhenUsed=\"false\" Name=\"Light List Accent 3\"\/>\n  <w:LsdException Locked=\"false\" Priority=\"62\" SemiHidden=\"false\"\n   UnhideWhenUsed=\"false\" Name=\"Light Grid Accent 3\"\/>\n  <w:LsdException Locked=\"false\" Priority=\"63\" SemiHidden=\"false\"\n   UnhideWhenUsed=\"false\" Name=\"Medium Shading 1 Accent 3\"\/>\n  <w:LsdException Locked=\"false\" Priority=\"64\" SemiHidden=\"false\"\n   UnhideWhenUsed=\"false\" Name=\"Medium Shading 2 Accent 3\"\/>\n  <w:LsdException Locked=\"false\" Priority=\"65\" SemiHidden=\"false\"\n   UnhideWhenUsed=\"false\" Name=\"Medium List 1 Accent 3\"\/>\n  <w:LsdException Locked=\"false\" Priority=\"66\" SemiHidden=\"false\"\n   UnhideWhenUsed=\"false\" Name=\"Medium List 2 Accent 3\"\/>\n  <w:LsdException Locked=\"false\" Priority=\"67\" SemiHidden=\"false\"\n   UnhideWhenUsed=\"false\" Name=\"Medium Grid 1 Accent 3\"\/>\n  <w:LsdException Locked=\"false\" Priority=\"68\" SemiHidden=\"false\"\n   UnhideWhenUsed=\"false\" Name=\"Medium Grid 2 Accent 3\"\/>\n  <w:LsdException Locked=\"false\" Priority=\"69\" SemiHidden=\"false\"\n   UnhideWhenUsed=\"false\" Name=\"Medium Grid 3 Accent 3\"\/>\n  <w:LsdException Locked=\"false\" Priority=\"70\" SemiHidden=\"false\"\n   UnhideWhenUsed=\"false\" Name=\"Dark List Accent 3\"\/>\n  <w:LsdException Locked=\"false\" Priority=\"71\" SemiHidden=\"false\"\n   UnhideWhenUsed=\"false\" Name=\"Colorful Shading Accent 3\"\/>\n  <w:LsdException Locked=\"false\" Priority=\"72\" SemiHidden=\"false\"\n   UnhideWhenUsed=\"false\" Name=\"Colorful List Accent 3\"\/>\n  <w:LsdException Locked=\"false\" Priority=\"73\" SemiHidden=\"false\"\n   UnhideWhenUsed=\"false\" Name=\"Colorful Grid Accent 3\"\/>\n  <w:LsdException Locked=\"false\" Priority=\"60\" SemiHidden=\"false\"\n   UnhideWhenUsed=\"false\" Name=\"Light Shading Accent 4\"\/>\n  <w:LsdException Locked=\"false\" Priority=\"61\" SemiHidden=\"false\"\n   UnhideWhenUsed=\"false\" Name=\"Light List Accent 4\"\/>\n  <w:LsdException Locked=\"false\" Priority=\"62\" SemiHidden=\"false\"\n   UnhideWhenUsed=\"false\" Name=\"Light Grid Accent 4\"\/>\n  <w:LsdException Locked=\"false\" Priority=\"63\" SemiHidden=\"false\"\n   UnhideWhenUsed=\"false\" Name=\"Medium Shading 1 Accent 4\"\/>\n  <w:LsdException Locked=\"false\" Priority=\"64\" SemiHidden=\"false\"\n   UnhideWhenUsed=\"false\" Name=\"Medium Shading 2 Accent 4\"\/>\n  <w:LsdException Locked=\"false\" Priority=\"65\" SemiHidden=\"false\"\n   UnhideWhenUsed=\"false\" Name=\"Medium List 1 Accent 4\"\/>\n  <w:LsdException Locked=\"false\" Priority=\"66\" SemiHidden=\"false\"\n   UnhideWhenUsed=\"false\" Name=\"Medium List 2 Accent 4\"\/>\n  <w:LsdException Locked=\"false\" Priority=\"67\" SemiHidden=\"false\"\n   UnhideWhenUsed=\"false\" Name=\"Medium Grid 1 Accent 4\"\/>\n  <w:LsdException Locked=\"false\" Priority=\"68\" SemiHidden=\"false\"\n   UnhideWhenUsed=\"false\" Name=\"Medium Grid 2 Accent 4\"\/>\n  <w:LsdException Locked=\"false\" Priority=\"69\" SemiHidden=\"false\"\n   UnhideWhenUsed=\"false\" Name=\"Medium Grid 3 Accent 4\"\/>\n  <w:LsdException Locked=\"false\" Priority=\"70\" SemiHidden=\"false\"\n   UnhideWhenUsed=\"false\" Name=\"Dark List Accent 4\"\/>\n  <w:LsdException Locked=\"false\" Priority=\"71\" SemiHidden=\"false\"\n   UnhideWhenUsed=\"false\" Name=\"Colorful Shading Accent 4\"\/>\n  <w:LsdException Locked=\"false\" Priority=\"72\" SemiHidden=\"false\"\n   UnhideWhenUsed=\"false\" Name=\"Colorful List Accent 4\"\/>\n  <w:LsdException Locked=\"false\" Priority=\"73\" SemiHidden=\"false\"\n   UnhideWhenUsed=\"false\" Name=\"Colorful Grid Accent 4\"\/>\n  <w:LsdException Locked=\"false\" Priority=\"60\" SemiHidden=\"false\"\n   UnhideWhenUsed=\"false\" Name=\"Light Shading Accent 5\"\/>\n  <w:LsdException Locked=\"false\" Priority=\"61\" SemiHidden=\"false\"\n   UnhideWhenUsed=\"false\" Name=\"Light List Accent 5\"\/>\n  <w:LsdException Locked=\"false\" Priority=\"62\" SemiHidden=\"false\"\n   UnhideWhenUsed=\"false\" Name=\"Light Grid Accent 5\"\/>\n  <w:LsdException Locked=\"false\" Priority=\"63\" SemiHidden=\"false\"\n   UnhideWhenUsed=\"false\" Name=\"Medium Shading 1 Accent 5\"\/>\n  <w:LsdException Locked=\"false\" Priority=\"64\" SemiHidden=\"false\"\n   UnhideWhenUsed=\"false\" Name=\"Medium Shading 2 Accent 5\"\/>\n  <w:LsdException Locked=\"false\" Priority=\"65\" SemiHidden=\"false\"\n   UnhideWhenUsed=\"false\" Name=\"Medium List 1 Accent 5\"\/>\n  <w:LsdException Locked=\"false\" Priority=\"66\" SemiHidden=\"false\"\n   UnhideWhenUsed=\"false\" Name=\"Medium List 2 Accent 5\"\/>\n  <w:LsdException Locked=\"false\" Priority=\"67\" SemiHidden=\"false\"\n   UnhideWhenUsed=\"false\" Name=\"Medium Grid 1 Accent 5\"\/>\n  <w:LsdException Locked=\"false\" Priority=\"68\" SemiHidden=\"false\"\n   UnhideWhenUsed=\"false\" Name=\"Medium Grid 2 Accent 5\"\/>\n  <w:LsdException Locked=\"false\" Priority=\"69\" SemiHidden=\"false\"\n   UnhideWhenUsed=\"false\" Name=\"Medium Grid 3 Accent 5\"\/>\n  <w:LsdException Locked=\"false\" Priority=\"70\" SemiHidden=\"false\"\n   UnhideWhenUsed=\"false\" Name=\"Dark List Accent 5\"\/>\n  <w:LsdException Locked=\"false\" Priority=\"71\" SemiHidden=\"false\"\n   UnhideWhenUsed=\"false\" Name=\"Colorful Shading Accent 5\"\/>\n  <w:LsdException Locked=\"false\" Priority=\"72\" SemiHidden=\"false\"\n   UnhideWhenUsed=\"false\" Name=\"Colorful List Accent 5\"\/>\n  <w:LsdException Locked=\"false\" Priority=\"73\" SemiHidden=\"false\"\n   UnhideWhenUsed=\"false\" Name=\"Colorful Grid Accent 5\"\/>\n  <w:LsdException Locked=\"false\" Priority=\"60\" SemiHidden=\"false\"\n   UnhideWhenUsed=\"false\" Name=\"Light Shading Accent 6\"\/>\n  <w:LsdException Locked=\"false\" Priority=\"61\" SemiHidden=\"false\"\n   UnhideWhenUsed=\"false\" Name=\"Light List Accent 6\"\/>\n  <w:LsdException Locked=\"false\" Priority=\"62\" SemiHidden=\"false\"\n   UnhideWhenUsed=\"false\" Name=\"Light Grid Accent 6\"\/>\n  <w:LsdException Locked=\"false\" Priority=\"63\" SemiHidden=\"false\"\n   UnhideWhenUsed=\"false\" Name=\"Medium Shading 1 Accent 6\"\/>\n  <w:LsdException Locked=\"false\" Priority=\"64\" SemiHidden=\"false\"\n   UnhideWhenUsed=\"false\" Name=\"Medium Shading 2 Accent 6\"\/>\n  <w:LsdException Locked=\"false\" Priority=\"65\" SemiHidden=\"false\"\n   UnhideWhenUsed=\"false\" Name=\"Medium List 1 Accent 6\"\/>\n  <w:LsdException Locked=\"false\" Priority=\"66\" SemiHidden=\"false\"\n   UnhideWhenUsed=\"false\" Name=\"Medium List 2 Accent 6\"\/>\n  <w:LsdException Locked=\"false\" Priority=\"67\" SemiHidden=\"false\"\n   UnhideWhenUsed=\"false\" Name=\"Medium Grid 1 Accent 6\"\/>\n  <w:LsdException Locked=\"false\" Priority=\"68\" SemiHidden=\"false\"\n   UnhideWhenUsed=\"false\" Name=\"Medium Grid 2 Accent 6\"\/>\n  <w:LsdException Locked=\"false\" Priority=\"69\" SemiHidden=\"false\"\n   UnhideWhenUsed=\"false\" Name=\"Medium Grid 3 Accent 6\"\/>\n  <w:LsdException Locked=\"false\" Priority=\"70\" SemiHidden=\"false\"\n   UnhideWhenUsed=\"false\" Name=\"Dark List Accent 6\"\/>\n  <w:LsdException Locked=\"false\" Priority=\"71\" SemiHidden=\"false\"\n   UnhideWhenUsed=\"false\" Name=\"Colorful Shading Accent 6\"\/>\n  <w:LsdException Locked=\"false\" Priority=\"72\" SemiHidden=\"false\"\n   UnhideWhenUsed=\"false\" Name=\"Colorful List Accent 6\"\/>\n  <w:LsdException Locked=\"false\" Priority=\"73\" SemiHidden=\"false\"\n   UnhideWhenUsed=\"false\" Name=\"Colorful Grid Accent 6\"\/>\n  <w:LsdException Locked=\"false\" Priority=\"19\" SemiHidden=\"false\"\n   UnhideWhenUsed=\"false\" QFormat=\"true\" Name=\"Subtle Emphasis\"\/>\n  <w:LsdException Locked=\"false\" Priority=\"21\" SemiHidden=\"false\"\n   UnhideWhenUsed=\"false\" QFormat=\"true\" Name=\"Intense Emphasis\"\/>\n  <w:LsdException Locked=\"false\" Priority=\"31\" SemiHidden=\"false\"\n   UnhideWhenUsed=\"false\" QFormat=\"true\" Name=\"Subtle Reference\"\/>\n  <w:LsdException Locked=\"false\" Priority=\"32\" SemiHidden=\"false\"\n   UnhideWhenUsed=\"false\" QFormat=\"true\" Name=\"Intense Reference\"\/>\n  <w:LsdException Locked=\"false\" Priority=\"33\" SemiHidden=\"false\"\n   UnhideWhenUsed=\"false\" QFormat=\"true\" Name=\"Book Title\"\/>\n  <w:LsdException Locked=\"false\" Priority=\"37\" Name=\"Bibliography\"\/>\n  <w:LsdException Locked=\"false\" Priority=\"39\" QFormat=\"true\" Name=\"TOC Heading\"\/>\n <\/w:LatentStyles>\n<\/xml><![endif]--><!--[if gte mso 10]>\n<style>\n \/* Style Definitions *\/\n table.MsoNormalTable\n\t{mso-style-name:\"Normale Tabelle\";\n\tmso-tstyle-rowband-size:0;\n\tmso-tstyle-colband-size:0;\n\tmso-style-noshow:yes;\n\tmso-style-priority:99;\n\tmso-style-qformat:yes;\n\tmso-style-parent:\"\";\n\tmso-padding-alt:0cm 5.4pt 0cm 5.4pt;\n\tmso-para-margin:0cm;\n\tmso-para-margin-bottom:.0001pt;\n\tmso-pagination:widow-orphan;\n\tfont-size:11.0pt;\n\tfont-family:\"Calibri\",\"sans-serif\";\n\tmso-ascii-font-family:Calibri;\n\tmso-ascii-theme-font:minor-latin;\n\tmso-fareast-font-family:\"Times New Roman\";\n\tmso-fareast-theme-font:minor-fareast;\n\tmso-hansi-font-family:Calibri;\n\tmso-hansi-theme-font:minor-latin;\n\tmso-bidi-font-family:\"Times New Roman\";\n\tmso-bidi-theme-font:minor-bidi;}\n<\/style>\n<![endif]--><br>\n\n\n","protected":false},"excerpt":{"rendered":"","protected":false},"author":1,"featured_media":108,"parent":0,"menu_order":0,"comment_status":"closed","ping_status":"closed","template":"","meta":{"pagelayer_contact_templates":[],"_pagelayer_content":"","gt_page_layout":"","gt_hide_page_title":false,"gt_remove_bottom_margin":false,"footnotes":""},"class_list":["post-131","page","type-page","status-publish","has-post-thumbnail","hentry"],"_links":{"self":[{"href":"https:\/\/altsande.de\/wordpress\/wp-json\/wp\/v2\/pages\/131","targetHints":{"allow":["GET"]}}],"collection":[{"href":"https:\/\/altsande.de\/wordpress\/wp-json\/wp\/v2\/pages"}],"about":[{"href":"https:\/\/altsande.de\/wordpress\/wp-json\/wp\/v2\/types\/page"}],"author":[{"embeddable":true,"href":"https:\/\/altsande.de\/wordpress\/wp-json\/wp\/v2\/users\/1"}],"replies":[{"embeddable":true,"href":"https:\/\/altsande.de\/wordpress\/wp-json\/wp\/v2\/comments?post=131"}],"version-history":[{"count":29,"href":"https:\/\/altsande.de\/wordpress\/wp-json\/wp\/v2\/pages\/131\/revisions"}],"predecessor-version":[{"id":704,"href":"https:\/\/altsande.de\/wordpress\/wp-json\/wp\/v2\/pages\/131\/revisions\/704"}],"wp:featuredmedia":[{"embeddable":true,"href":"https:\/\/altsande.de\/wordpress\/wp-json\/wp\/v2\/media\/108"}],"wp:attachment":[{"href":"https:\/\/altsande.de\/wordpress\/wp-json\/wp\/v2\/media?parent=131"}],"curies":[{"name":"wp","href":"https:\/\/api.w.org\/{rel}","templated":true}]}}